{"id":1118,"date":"2018-02-15T16:08:11","date_gmt":"2018-02-15T21:08:11","guid":{"rendered":"https:\/\/paintballsolutions.com\/?page_id=1118"},"modified":"2025-04-15T01:14:46","modified_gmt":"2025-04-15T06:14:46","slug":"warranty-document-german","status":"publish","type":"page","link":"https:\/\/paintballsolutions.com\/index.php\/warranty-information\/warranty-document-german\/","title":{"rendered":"Warranty Document &#8211; German"},"content":{"rendered":"<p class=\"MsoNormal\"><span lang=\"de\">G.I. Sportz ist bestrebt, Ihnen Produkte von h\u00f6chster Qualit\u00e4t und die branchenweit beste Produktunterst\u00fctzung f\u00fcr ein zufriedenstellendes Spiel zur Verf\u00fcgung zu stellen.<\/span><\/p>\n<p class=\"MsoNormal\"><span lang=\"de\">G.I. Sportz<\/span><\/p>\n<p class=\"MsoListParagraph\">4230 Lake Ave., Fort Wayne, IN 46815<\/p>\n<p class=\"MsoNormal\"><a href=\"http:\/\/www.empirepaintball.com\/\"><span lang=\"de\">www.GISportz.com <\/span><\/a><\/p>\n<p class=\"MsoNormal\"><span lang=\"de\">G.I. Sportz Paintball ist eine Marke von G.I. Sportz Direct, LLC.<\/span><\/p>\n<p class=\"MsoNormal\"><strong><span lang=\"de\">PATENT(E):<\/span><\/strong><span lang=\"de\"> Siehe www.\/patents \u00a9 2018 G.I. Sportz. Alle Rechte vorbehalten. Dieses G.I. Sportz-Produkt ist durch ein oder mehrere US-Patente gesch\u00fctzt. G.I. Sportz-Warenzeichen, -Designs und -Urheberrechte sind durch ein oder mehrere US-Patente sowie Internationales Recht gesch\u00fctzt. F\u00fcr weitere Informationen kontaktieren Sie G.I. Sportz bei info@GISportz.com<\/span><\/p>\n<p class=\"MsoNormal\"><strong><span lang=\"de\">Garantieregistrierung<\/span><\/strong><\/p>\n<p class=\"MsoNormal\"><span lang=\"de\">Um die beschr\u00e4nkte Garantie zu aktivieren, m\u00fcssen Sie den Loader innerhalb von drei\u00dfig (30) Tagen nach dem Datum des urspr\u00fcnglichen Einzelhandelsverkaufs registrieren, indem Sie folgendes Formular auf der Website von Paintball Solutions ausf\u00fcllen: <\/span><a href=\"https:\/\/paintballsolutions.com\/index.php\/warranty-registration\/\"><span lang=\"de\">https:\/\/paintballsolutions.com\/index.php\/warranty-registration\/<\/span><\/a><\/p>\n<p class=\"MsoNormal\"><span lang=\"de\"> Die beschr\u00e4nkte Garantie f\u00fcr G.I. Sportz Zubeh\u00f6r erfordert keine Aktivierung oder Registrierung; mit der Registrierung des Loaders aktivieren Sie die Garantie f\u00fcr das Zubeh\u00f6r.<\/span><\/p>\n<p class=\"MsoNormal\"><strong><span lang=\"de\">Beschr\u00e4nkte Garantie<\/span><\/strong><\/p>\n<p class=\"MsoNormal\"><span lang=\"de\">G.I. Sportz garantiert dem urspr\u00fcnglichen K\u00e4ufer, dass es alle notwendigen Reparaturen oder Ersatzlieferungen bez\u00fcglich des Produkts f\u00fcr einen bestimmten Zeitraum (wie oben erw\u00e4hnt) ab dem Datum des urspr\u00fcnglichen Einzelhandelsverkaufs durchf\u00fchren wird, um so Material- oder Verarbeitungsm\u00e4ngel zu korrigieren. Dabei entstehen f\u00fcr Sie keine Kosten. G.I. Sportz bittet Sie lediglich, das Produkt ordnungsgem\u00e4\u00df zu warten und zu pflegen, und dass Sie Reparaturen von G.I. Sportz oder einem von G.I. Sportz zertifizierten Technikzentrum durchf\u00fchren lassen. Diese Garantie ist nicht \u00fcbertragbar und deckt keine Sch\u00e4den oder M\u00e4ngel des Produkts ab, die durch (a) unsachgem\u00e4\u00dfe Wartung; (b) \u00c4nderung oder \u00c4nderung; (c) nicht autorisierte Reparatur; (d) Unfall; (e) Missbrauch oder missbr\u00e4uchliche Verwendung; (f) Vernachl\u00e4ssigung oder Nachl\u00e4ssigkeit; und \/ oder (g) normalen Verschlei\u00df verursacht wurden. G.I. Sportz erm\u00e4chtigt keine Person oder Vertreter, mit dem Verkauf dieses Produkts irgendwelche anderen Gew\u00e4hrleistungsverpflichtung zu \u00fcbernehmen oder zu erteilen.<\/span><\/p>\n<p class=\"MsoNormal\"><span lang=\"de\">DIES IST DIE EINZIGE AUSDR\u00dcCKLICHE GARANTIE, DIE MIT DEM KAUF DIESES PRODUKTS GEW\u00c4HRT WIRD; ES WERDEN KEINE ANDEREN AUSDR\u00dcCKLICHEN GARANTIEN ANERKANNT. DIE IMPLIZITEN GEW\u00c4HRLEISTUNGEN DER TAUGLICHKEIT UND EIGNUNG F\u00dcR EINEN BESTIMMTEN ZWECK SIND BESCHR\u00c4NKT AUF DIE HIER AUFGEF\u00dcHRTE ANWENDBARE BESCHR\u00c4NKTE GARANTIEZEIT. NACH DEM ABLAUF DIESES ZEITRAUMS GELTEN WEDER AUSDR\u00dcCKLICHE NOCH STILLSCHWEIGENDE GARANTIEN.<\/span><\/p>\n<p class=\"MsoNormal\"><span lang=\"de\">Einige Staaten und Nationen erlauben keine Einschr\u00e4nkungen bez\u00fcglich der Dauer der impliziten Garantien, so dass die oben genannte Beschr\u00e4nkung f\u00fcr Sie unter Umst\u00e4nden nicht gilt. Die alleinige und ausschlie\u00dfliche Haftung von G.I. Sportz und \/ oder seinen autorisierten H\u00e4ndlern im Rahmen dieser beschr\u00e4nkten Garantie gilt f\u00fcr die Reparatur oder den Ersatz von Teilen oder Baus\u00e4tzen, die Material- oder Verarbeitungsdefekte aufweisen.<\/span><\/p>\n<p class=\"MsoNormal\"><span lang=\"de\">G.I. SPORTZ IST NICHT HAFTBAR &#8211; UND SIE BEST\u00c4TIGEN DIES AUSDR\u00dcCKLICH &#8211; F\u00dcR DIREKT-, INDIREKT-, FOLGE- ODER NEBENSCH\u00c4DEN (ZUSAMMEN: \u201eSCH\u00c4DEN\u201c), DIE AUS DEM VERKAUF ODER DER VERWENDUNG DES PRODUKTS ODER IHRER UNF\u00c4HIGKEIT, ES ZU VERWENDEN, ENTSTEHEN. F\u00dcR SCH\u00c4DEN, EINSCHLIESSLICH PERSONEN- ODER VERM\u00d6GENSSCH\u00c4DEN ODER EINNAHMEVERLUSTE, DIE DURCH EINE FEHLLEISTUNG EINES TEILS ODER EINES BAUSATZES DES PRODUKTES AUSGEL\u00d6ST ODER ERLITTEN WURDEN WIRD KEINE ZAHLUNG ODER ANDERE VERG\u00dcTUNG GELEISTET.<\/span><\/p>\n<p class=\"MsoNormal\"><span lang=\"de\">Einige Staaten und Nationen erlauben keine Einschr\u00e4nkung bzw. Ausschluss von Neben- oder Folgesch\u00e4den, so dass die oben genannte Beschr\u00e4nkung bzw. Ausschluss f\u00fcr Sie unter Umst\u00e4nden nicht gilt. Durch diese Garantie stehen Ihnen bestimmte gesetzliche Rechte zu. Sie haben unter Umst\u00e4nden auch andere Rechte, die von Staat zu Staat oder Nation zu Nation variieren k\u00f6nnen.<\/span><\/p>\n<p class=\"MsoNormal\"><strong><span lang=\"de\">Unter Garantie and nicht unter Garantie durchf\u00fchrte Reparaturen<\/span><\/strong><\/p>\n<p class=\"MsoNormal\"><span lang=\"de\">F\u00fcr Garantieteile, Service, Informationen oder Handb\u00fccher in anderen Sprachen (wo zutreffend), setzen Sie sich bitte mit Paintball Solutions in Verbindung: <\/span><a href=\"https:\/\/paintballsolutions.com\/\"><strong><span lang=\"de\">www.<\/span><\/strong><\/a><\/p>\n<p class=\"MsoNormal\"><span lang=\"de\"> E-Mail: <\/span><a href=\"mailto:serviceshop@gisportz.com\"><strong><span lang=\"de\">serviceshop@gisportz.com <\/span><\/strong><\/a><\/p>\n<p class=\"MsoNormal\"><span lang=\"EN-AU\">US: \u00a01-800-220-3222<\/span><\/p>\n<p class=\"MsoListParagraph\">4230 Lake Ave., Fort Wayne, IN 46815<\/p>\n<p class=\"MsoNormal\"><span lang=\"de\">Beim Versand des Produkts an G.I. Sportz f\u00fcr unter Garantie and nicht unter Garantie durchf\u00fchrte Reparaturen:<\/span><\/p>\n<p class=\"MsoListParagraph\"><!-- [if !supportLists]--><span lang=\"DE\">1. <\/span>Kontaktieren Sie GI Sportz f\u00fcr eine RMA-Nummer, bevor Sie irgendwelche Produkte einsenden. Sie k\u00f6nnen nur unter der Telefonnummer 856.464.1068, Durchwahl 2 , oder per E-Mail unter <a href=\"mailto:tech@\"><span data-olk-copy-source=\"MessageBody\">tech@<\/span><\/a>\u00a0erreichen.<\/p>\n<p class=\"MsoListParagraph\"><!--[endif]--><span lang=\"de\">2. Wenn Ihr Produkt Ersatzteile hat, dann testen Sie bitte das Produkt mit Originalersatzteilen, bevor Sie das Produkt f\u00fcr Service oder zur Reparatur zur\u00fccksenden.<\/span><\/p>\n<p class=\"MsoListParagraph\"><span lang=\"DE\">3. <\/span><!--[endif]--><span lang=\"de\">Trennen Sie alle an Ihrem Produkt befestigten Gas- und \/ oder Luftzylinder ab. Wenn Sie Luftzylinder zur\u00fcckschicken, stellen Sie bitte sicher, dass bei den Flaschen alle Luft im Zylinder vollst\u00e4ndig abgelassen wurde.<\/span><\/p>\n<p class=\"MsoListParagraph\"><span lang=\"DE\">4. <\/span><!--[endif]--><span lang=\"de\">Bitte entnehmen und entfernen Sie stets die Paintballs aus dem Produkt.<\/span><\/p>\n<p class=\"MsoListParagraph\"><span lang=\"DE\">5. <\/span><!--[endif]--><span lang=\"de\">Schicken Sie das Produkt an die angegebene G.I. Sportz-Adresse.<\/span><\/p>\n<p class=\"MsoListParagraph\"><span lang=\"DE\">6. <\/span><!--[endif]--><span lang=\"de\">Sie m\u00fcssen f\u00fcr Porto und Liefergeb\u00fchren im Voraus bezahlen; verwenden Sie einen Transportdienst, der Tracking-Informationen bietet.<\/span><\/p>\n<p class=\"MsoListParagraph\"><span lang=\"DE\">7. <\/span><!--[endif]--><span lang=\"de\">Geben Sie das Kaufdatum f\u00fcr das Produkt an.<\/span><\/p>\n<p class=\"MsoListParagraph\"><span lang=\"DE\">8. <\/span><!--[endif]--><span lang=\"de\">Beschreiben Sie kurz die angeforderte Reparatur.<\/span><\/p>\n<p class=\"MsoListParagraph\"><span lang=\"DE\">9. <\/span><!--[endif]--><span lang=\"de\">Geben Sie Ihren Namen, Ihre R\u00fccksendeadresse und, wenn m\u00f6glich, eine Telefonnummer an, unter der Sie w\u00e4hrend normalen Gesch\u00e4ftszeiten erreichbar sind.<\/span><\/p>\n<p class=\"MsoNormal\"><span lang=\"de\">G.I. Sportz bem\u00fcht sich, seine Reparaturarbeiten innerhalb von vierundzwanzig (24) Stunden nach Eingang abzuschlie\u00dfen. G.I. Sportz wird das Produkt mit regelm\u00e4\u00dfigem UPS-Landtransport an Sie zur\u00fccksenden. Wenn Sie m\u00f6chten, dass es mit einem schnelleren Service an Sie zur\u00fcckgesandt wird, k\u00f6nnen Sie UPS-LUFTFRACHT F\u00dcR LIEFERUNG AM N\u00c4CHSTEN TAG oder UPS-LUFTFRACHT F\u00dcR LIEFERUNG AM \u00dcBERN\u00c4CHSTEN TAG anfordern, aber dieser Service wird Ihnen in Rechnung gestellt werden und erfordert Ihre Kreditkartennummer mit dem Verfallsdatum. Ihre Kreditkarte wird mit dem Unterschied in den zus\u00e4tzlichen Kosten \u00fcber regelm\u00e4\u00dfigen Landversanddienst hinaus belastet.<\/span><\/p>\n","protected":false},"excerpt":{"rendered":"<p>G.I. Sportz ist bestrebt, Ihnen Produkte von h\u00f6chster Qualit\u00e4t und die branchenweit beste Produktunterst\u00fctzung f\u00fcr ein zufriedenstellendes Spiel zur Verf\u00fcgung zu stellen. G.I. Sportz 4230 Lake Ave., Fort Wayne, IN 46815 www.GISportz.com G.I. Sportz Paintball ist eine Marke von G.I. Sportz Direct, LLC. PATENT(E): Siehe www.\/patents \u00a9 2018 G.I. Sportz. Alle Rechte vorbehalten. Dieses G.I. [&hellip;]<\/p>\n","protected":false},"author":1,"featured_media":0,"parent":999,"menu_order":0,"comment_status":"open","ping_status":"open","template":"","meta":{"footnotes":""},"class_list":["post-1118","page","type-page","status-publish","hentry"],"_links":{"self":[{"href":"https:\/\/paintballsolutions.com\/index.php\/wp-json\/wp\/v2\/pages\/1118","targetHints":{"allow":["GET"]}}],"collection":[{"href":"https:\/\/paintballsolutions.com\/index.php\/wp-json\/wp\/v2\/pages"}],"about":[{"href":"https:\/\/paintballsolutions.com\/index.php\/wp-json\/wp\/v2\/types\/page"}],"author":[{"embeddable":true,"href":"https:\/\/paintballsolutions.com\/index.php\/wp-json\/wp\/v2\/users\/1"}],"replies":[{"embeddable":true,"href":"https:\/\/paintballsolutions.com\/index.php\/wp-json\/wp\/v2\/comments?post=1118"}],"version-history":[{"count":9,"href":"https:\/\/paintballsolutions.com\/index.php\/wp-json\/wp\/v2\/pages\/1118\/revisions"}],"predecessor-version":[{"id":2197,"href":"https:\/\/paintballsolutions.com\/index.php\/wp-json\/wp\/v2\/pages\/1118\/revisions\/2197"}],"up":[{"embeddable":true,"href":"https:\/\/paintballsolutions.com\/index.php\/wp-json\/wp\/v2\/pages\/999"}],"wp:attachment":[{"href":"https:\/\/paintballsolutions.com\/index.php\/wp-json\/wp\/v2\/media?parent=1118"}],"curies":[{"name":"wp","href":"https:\/\/api.w.org\/{rel}","templated":true}]}}