{"id":1127,"date":"2018-02-15T16:20:43","date_gmt":"2018-02-15T21:20:43","guid":{"rendered":"https:\/\/paintballsolutions.com\/?page_id=1127"},"modified":"2025-04-15T01:14:07","modified_gmt":"2025-04-15T06:14:07","slug":"warranty-document-spanish","status":"publish","type":"page","link":"https:\/\/paintballsolutions.com\/index.php\/warranty-information\/warranty-document-spanish\/","title":{"rendered":"Warranty Document &#8211; Spanish"},"content":{"rendered":"<p class=\"MsoNormal\"><span lang=\"ES-US\">G.I. Sportz se aboca a brindarle productos de la mayor calidad y con el mejor servicio del sector para que disfrute satisfactoriamente del juego.<\/span><\/p>\n<p class=\"MsoNormal\"><span lang=\"ES-US\">G.I. Sportz<\/span><\/p>\n<p class=\"MsoListParagraph\">4230 Lake Ave.<br \/>\nFort Wayne, IN 46815<\/p>\n<p class=\"MsoNormal\"><a href=\"http:\/\/www.empirepaintball.com\/\"><span lang=\"ES-US\">www.GISportz.com <\/span><\/a><\/p>\n<p class=\"MsoNormal\"><span lang=\"ES-US\">G.I. Sportz Paintball es una marca de G.I. Sportz Direct, LLC.<\/span><\/p>\n<p class=\"MsoNormal\"><strong><span lang=\"ES-US\">PATENTES:<\/span><\/strong><span lang=\"ES-US\"> Consulte en www.\/patents \u00a9 2018 G.I. Sportz. Todos los derechos reservados. Este producto de G.I. Sportz est\u00e1 protegido por una o m\u00e1s patentes de los Estados Unidos. Las marcas comerciales, los dise\u00f1os y los derechos de autor de G.I. Sportz est\u00e1n protegidos por una o m\u00e1s patentes de los Estados Unidos y leyes internacionales. Para obtener m\u00e1s informaci\u00f3n, comun\u00edquese con G.I. Sportz a la direcci\u00f3n info@GISportz.com<\/span><\/p>\n<p class=\"MsoNormal\"><strong><span lang=\"ES-US\">Registro de la garant\u00eda<\/span><\/strong><\/p>\n<p class=\"MsoNormal\"><span lang=\"ES-US\">Para activar la garant\u00eda limitada, debe registrar el cargador en el plazo de treinta (30) d\u00edas de la fecha de la venta minorista original completando el formulario que se encuentra en el sitio web de Paintball Solutions: <\/span><a href=\"https:\/\/paintballsolutions.com\/index.php\/warranty-registration\/\"><span lang=\"ES-US\">https:\/\/paintballsolutions.com\/index.php\/warranty-registration\/<\/span><\/a><\/p>\n<p class=\"MsoNormal\"><span lang=\"ES-US\"> La garant\u00eda limitada de los accesorios de G.I. Sportz no requiere activaci\u00f3n ni registro; al registrar el cargador, usted activa la garant\u00eda para los accesorios.<\/span><\/p>\n<p class=\"MsoNormal\"><strong><span lang=\"ES-US\">Garant\u00eda limitada<\/span><\/strong><\/p>\n<p class=\"MsoNormal\"><span lang=\"ES-US\">G.I. Sportz garantiza al comprador original que efectuar\u00e1 cualquier reparaci\u00f3n o reemplazo que resulte necesario para corregir defectos en el material o la mano de obra sin costo alguno para usted para el Producto durante un per\u00edodo de tiempo especificado (seg\u00fan se indica anteriormente) desde la fecha de la venta minorista original. Lo \u00fanico que solicita G.I. Sportz es que le aplique al producto el mantenimiento y el cuidado adecuados, y que solicite a G.I. Sportz o un centro de tecnolog\u00eda certificado por G.I. Sportz que le efect\u00fae las reparaciones de la garant\u00eda. La presente Garant\u00eda no es transferible y no contempla da\u00f1os ni defectos en el Producto que sean el resultado (a) de mantenimiento inadecuado, (b) de alteraciones y modificaciones; (c) de reparaciones no autorizadas; (d) de accidentes; (e) de abuso o uso inadecuado; (f) de descuido o negligencia; o (g) del uso y el desgaste normal. G.I. Sportz no autoriza a ninguna persona ni representante a asumir ni otorgar ninguna otra obligaci\u00f3n de garant\u00eda con la venta de este Producto.<\/span><\/p>\n<p class=\"MsoNormal\"><span lang=\"ES-US\">LA PRESENTE ES LA \u00daNICA GARANT\u00cdA EXPRESA QUE SE ENTREGA CON LA COMPRA DE ESTE PRODUCTO; SE RECHAZA CUALQUIER OTRA GARANT\u00cdA EXPRESA. LAS GARANT\u00cdAS IMPL\u00cdCITAS DE COMERCIABILIDAD Y ADECUACI\u00d3N PARA UN FIN DETERMINADO SE ENCUENTRAN LIMITADAS AL PER\u00cdODO DE GARANT\u00cdA LIMITADA VIGENTE ESTABLECIDO EN EL PRESENTE, Y NO REGIR\u00c1 NINGUNA GARANT\u00cdA, YA SEA EXPRESA O IMPL\u00cdCITA, DESPU\u00c9S DEL VENCIMIENTO DE DICHO PER\u00cdODO.<\/span><\/p>\n<p class=\"MsoNormal\"><span lang=\"ES-US\">Algunos estados y pa\u00edses no permiten limitaciones de la duraci\u00f3n de las garant\u00edas impl\u00edcitas, por lo que es posible que la limitaci\u00f3n anterior no corresponda en su caso. La \u00fanica y exclusiva responsabilidad de G.I. Sportz o sus distribuidores autorizados de conformidad con la presente Garant\u00eda limitada ser\u00e1 la reparaci\u00f3n o el reemplazo de cualquier parte o montaje en el cual se determine que existen defectos en el material o la mano de obra.<\/span><\/p>\n<p class=\"MsoNormal\"><span lang=\"ES-US\">G.I. SPORTZ NO SER\u00c1 RESPONSABLE DE NING\u00daN DA\u00d1O DIRECTO, INDIRECTO, DERIVADO O INCIDENTAL (DE MANERA COLECTIVA, DENOMINADOS &#8220;DA\u00d1OS&#8221;) QUE SURJAN DE LA VENTA O EL USO DEL PRODUCTO O BIEN DE SU FALTA DE CAPACIDAD PARA USARLO, Y USTED EXPRESAMENTE RENUNCIA A ELLOS. NO SE EFECTUAR\u00c1 NING\u00daN PAGO NI NING\u00daN OTRO TIPO DE COMPENSACI\u00d3N EN CONCEPTO DE DA\u00d1OS, LO CUAL INCLUYE LESIONES A LA PERSONA O LA PROPIEDAD, O LA P\u00c9RDIDA DE INGRESOS QUE SE PODR\u00cdAN HABER PAGADO, GENERADO O SUFRIDO A RA\u00cdZ DE CUALQUIER FALLA DE CUALQUIER PIEZA O MONTAJE DEL PRODUCTO.<\/span><\/p>\n<p class=\"MsoNormal\"><span lang=\"ES-US\">Algunos estados y pa\u00edses no permiten la exclusi\u00f3n ni la limitaci\u00f3n de los da\u00f1os incidentales o derivados, por lo que es posible que la limitaci\u00f3n o la exclusi\u00f3n anterior no corresponda en su caso. Esta garant\u00eda le otorga derechos legales espec\u00edficos. Usted tambi\u00e9n puede tener otros derechos que var\u00eden de un estado a otro o de un pa\u00eds al otro.<\/span><\/p>\n<p class=\"MsoNormal\"><strong><span lang=\"ES-US\">Reparaciones contempladas y no contempladas por la garant\u00eda<\/span><\/strong><\/p>\n<p class=\"MsoNormal\"><span lang=\"ES-US\">Para piezas en garant\u00eda, servicio, informaci\u00f3n o manuales en otros idiomas (si corresponde), comun\u00edquese con Paintball Solutions: <\/span><a href=\"https:\/\/paintballsolutions.com\/\"><strong><span lang=\"ES-US\">www.<\/span><\/strong><\/a><\/p>\n<p class=\"MsoNormal\"><span lang=\"ES-US\">Correo electr\u00f3nico: <\/span><a href=\"mailto:serviceshop@gisportz.com\"><strong><span lang=\"ES-US\">serviceshop@gisportz.com<\/span><\/strong><\/a><\/p>\n<p class=\"MsoNormal\"><span lang=\"ES-US\">EE.\u00a0UU.: \u00a01-800-220-3222<\/span><\/p>\n<p class=\"MsoListParagraph\">4230 Lake Ave., Fort Wayne, IN 46815<\/p>\n<p class=\"MsoNormal\"><span lang=\"ES-US\">Al enviar el Producto a G.I. Sportz para que le efect\u00faen reparaciones contempladas o no contempladas por la Garant\u00eda:<\/span><\/p>\n<p class=\"MsoListParagraph\"><!-- [if !supportLists]--><span lang=\"ES-US\">1. <\/span>P\u00f3ngase en contacto con GI Sportz para obtener un n\u00famero de RMA antes de enviar cualquier producto. Nos puede contactar al 856.464.1068 ext 2 o env\u00edenos un correo electr\u00f3nico a <a href=\"mailto:tech@\"><strong><span data-olk-copy-source=\"MessageBody\">tech@<\/span><\/strong><\/a><\/p>\n<p class=\"MsoListParagraph\"><!--[endif]--><span lang=\"ES-US\">2. Si en el Producto hay piezas que no vienen de f\u00e1brica, pru\u00e9belo con piezas originales antes de devolverlo para que le realicen servicio o reparaciones.<\/span><\/p>\n<p class=\"MsoListParagraph\"><span lang=\"ES-US\">3. <\/span><!--[endif]--><span lang=\"ES-US\">Desconecte cualquier cilindro de gas o aire que est\u00e9 conectado al Producto, y si devolver\u00e1 un cilindro de gas, aseg\u00farese de haber drenado por completo el aire de los envases del cilindro.<\/span><\/p>\n<p class=\"MsoListParagraph\"><span lang=\"ES-US\">4. <\/span><!--[endif]--><span lang=\"ES-US\">Siempre descargue y retire las bolas de pintura del Producto.<\/span><\/p>\n<p class=\"MsoListParagraph\"><span lang=\"ES-US\">5. <\/span><!--[endif]--><span lang=\"ES-US\">Env\u00ede el Producto a la direcci\u00f3n de G.I. Sportz identificada.<\/span><\/p>\n<p class=\"MsoListParagraph\"><span lang=\"ES-US\">6. <\/span><!--[endif]--><span lang=\"ES-US\">Debe pagar por anticipado los cargos de franqueo y entrega; use un transportista que ofrezca informaci\u00f3n de rastreo.<\/span><\/p>\n<p class=\"MsoListParagraph\"><span lang=\"ES-US\">7. <\/span><!--[endif]--><span lang=\"ES-US\">Proporcione la fecha de compra del Producto.<\/span><\/p>\n<p class=\"MsoListParagraph\"><span lang=\"ES-US\">8. <\/span><!--[endif]--><span lang=\"ES-US\">Describa brevemente la reparaci\u00f3n solicitada.<\/span><\/p>\n<p class=\"MsoListParagraph\"><span lang=\"ES-US\">9. <\/span><!--[endif]--><span lang=\"ES-US\">Incluya su nombre, la direcci\u00f3n de devoluci\u00f3n y un n\u00famero de tel\u00e9fono al cual nos podamos contactar con usted durante el horario de atenci\u00f3n habitual, de ser posible.<\/span><\/p>\n<p class=\"MsoNormal\"><span lang=\"ES-US\">G.I. Sportz toma todas las medidas para completar los trabajos de reparaci\u00f3n en el plazo de veinticuatro (24) horas de recibido el Producto. G.I. Sportz devolver\u00e1 el Producto a trav\u00e9s del servicio postal terrestre com\u00fan de UPS. Si desea que la devoluci\u00f3n se realice por un servicio m\u00e1s veloz, puede solicitar el SERVICIO A\u00c9REO DEL D\u00cdA SIGUIENTE DE UPS o el SERVICIO A\u00c9REO DEL SEGUNDO D\u00cdA DE UPS, pero dicho servicio se le cobrar\u00e1 y deber\u00e1 incluir su n\u00famero de tarjeta de cr\u00e9dito con la fecha de vencimiento. Se imputar\u00e1 en la tarjeta de cr\u00e9dito la diferencia del costo adicional respecto del servicio de env\u00edo terrestre com\u00fan.<\/span><\/p>\n","protected":false},"excerpt":{"rendered":"<p>G.I. Sportz se aboca a brindarle productos de la mayor calidad y con el mejor servicio del sector para que disfrute satisfactoriamente del juego. G.I. Sportz 4230 Lake Ave. Fort Wayne, IN 46815 www.GISportz.com G.I. Sportz Paintball es una marca de G.I. Sportz Direct, LLC. PATENTES: Consulte en www.\/patents \u00a9 2018 G.I. Sportz. Todos los [&hellip;]<\/p>\n","protected":false},"author":1,"featured_media":0,"parent":999,"menu_order":0,"comment_status":"open","ping_status":"open","template":"","meta":{"footnotes":""},"class_list":["post-1127","page","type-page","status-publish","hentry"],"_links":{"self":[{"href":"https:\/\/paintballsolutions.com\/index.php\/wp-json\/wp\/v2\/pages\/1127","targetHints":{"allow":["GET"]}}],"collection":[{"href":"https:\/\/paintballsolutions.com\/index.php\/wp-json\/wp\/v2\/pages"}],"about":[{"href":"https:\/\/paintballsolutions.com\/index.php\/wp-json\/wp\/v2\/types\/page"}],"author":[{"embeddable":true,"href":"https:\/\/paintballsolutions.com\/index.php\/wp-json\/wp\/v2\/users\/1"}],"replies":[{"embeddable":true,"href":"https:\/\/paintballsolutions.com\/index.php\/wp-json\/wp\/v2\/comments?post=1127"}],"version-history":[{"count":5,"href":"https:\/\/paintballsolutions.com\/index.php\/wp-json\/wp\/v2\/pages\/1127\/revisions"}],"predecessor-version":[{"id":2195,"href":"https:\/\/paintballsolutions.com\/index.php\/wp-json\/wp\/v2\/pages\/1127\/revisions\/2195"}],"up":[{"embeddable":true,"href":"https:\/\/paintballsolutions.com\/index.php\/wp-json\/wp\/v2\/pages\/999"}],"wp:attachment":[{"href":"https:\/\/paintballsolutions.com\/index.php\/wp-json\/wp\/v2\/media?parent=1127"}],"curies":[{"name":"wp","href":"https:\/\/api.w.org\/{rel}","templated":true}]}}